{"id":306,"date":"2023-09-27T11:27:39","date_gmt":"2023-09-27T09:27:39","guid":{"rendered":"https:\/\/leria.univ-angers.fr\/?page_id=306"},"modified":"2023-09-27T21:26:10","modified_gmt":"2023-09-27T19:26:10","slug":"matinee-musique-ia","status":"publish","type":"page","link":"https:\/\/leria.univ-angers.fr\/?page_id=306","title":{"rendered":"Matin\u00e9e Musique &#038; IA"},"content":{"rendered":"\n<p>Le LERIA et l&#8217;Universit\u00e9 d&#8217;Angers ont organis\u00e9 la <strong>Matin\u00e9e sur la Musique et l&#8217;IA<\/strong> le lundi 25 septembre 2023 afin de discuter sur l&#8217;intelligence artificielle et la musique. Cette matin\u00e9e a \u00e9t\u00e9 organis\u00e9e sous l&#8217;impulsion de <a href=\"https:\/\/ngutowski.fr\/\">Nicolas GUTOWSKI<\/a>, <a href=\"https:\/\/fr.linkedin.com\/in\/fabien-chhel\">Fabien CHHEL<\/a> et <a href=\"http:\/\/www-desir.lip6.fr\/~briot\/index.html\">Jean-Pierre BRIOT<\/a>.<\/p>\n\n\n<div class=\"wp-block-image\">\n<figure class=\"aligncenter size-full\"><img loading=\"lazy\" decoding=\"async\" width=\"317\" height=\"226\" src=\"https:\/\/leria.univ-angers.fr\/wp-content\/uploads\/2023\/09\/Confe-LERIA_226x317.png\" alt=\"\" class=\"wp-image-307\" srcset=\"https:\/\/leria.univ-angers.fr\/wp-content\/uploads\/2023\/09\/Confe-LERIA_226x317.png 317w, https:\/\/leria.univ-angers.fr\/wp-content\/uploads\/2023\/09\/Confe-LERIA_226x317-300x214.png 300w\" sizes=\"auto, (max-width: 317px) 100vw, 317px\" \/><\/figure>\n<\/div>\n\n\n<h2 class=\"wp-block-heading\">Programme de la Matin\u00e9e<\/h2>\n\n\n\n<p><strong>9h15 &#8211; Introduction du s\u00e9minaire &#8220;Musique &amp; IA&#8221;<\/strong> <a href=\"https:\/\/leria.univ-angers.fr\/wp-content\/uploads\/2023\/09\/ouverture-seminaire-ia-musique-angers-25-sept-2023.pdf\" target=\"_blank\" rel=\"noreferrer noopener\">(pr\u00e9sentation .PDF)<\/a><br><em>Dr Jean-Pierre Briot, Directeur de Recherche \u00e9m\u00e9rite CNRS LIP6 (Sorbonne Universit\u00e9 &#8211; CNRS)<\/em><\/p>\n\n\n\n<p><strong>9h30 &#8211; Tokenisation de la musique symbolique<\/strong> <a href=\"https:\/\/leria.univ-angers.fr\/wp-content\/uploads\/2023\/09\/Prez-Seminaire-LERIA-2023.pdf\" target=\"_blank\" rel=\"noreferrer noopener\">(pr\u00e9sentation .PDF)<\/a><br><em><a rel=\"noreferrer noopener\" href=\"https:\/\/www.researchgate.net\/profile\/Nathan-Fradet\" target=\"_blank\">Nathan Fradet<\/a>, Doctorant LIP6 (Sorbonne Universit\u00e9 &#8211; CNRS), &nbsp;en CIFRE chez <a href=\"https:\/\/aubay.com\/\">Aubay<\/a>, co-encadr\u00e9 par l&#8217;ESEO et le LERIA (Universit\u00e9 d&#8217;Angers)<\/em><br>R\u00e9sum\u00e9 : Les progr\u00e8s r\u00e9cents en Traitement Automatique du Langage Naturel (TALN) ont \u00e9t\u00e9 appliqu\u00e9s \u00e0 la musique symbolique, permettant d&#8217;utiliser des mod\u00e8les linguistiques pour la g\u00e9n\u00e9ration, la mod\u00e9lisation, la classification ou la transcription musicales. L&#8217;utilisation d&#8217;un tel mod\u00e8le implique de tokeniser la musique, c&#8217;est-\u00e0-dire de la repr\u00e9senter sous forme de s\u00e9quences d&#8217;\u00e9l\u00e9ments distincts appel\u00e9s &#8220;tokens&#8221;. Ces tokens repr\u00e9sentent les notes, le temps et d&#8217;autres informations musicales. Contrairement au texte, la tokenisation de la musique est plus flexible et offre davantage de choix de repr\u00e9sentation. Nous discuterons de la mani\u00e8re dont la musique peut \u00eatre tokenis\u00e9e et de l&#8217;impact des choix de conception de la tokenisation sur les mod\u00e8les utilis\u00e9s dans les t\u00e2ches ult\u00e9rieures.<\/p>\n\n\n\n<p><strong>10h15 &#8211; Mod\u00e9lisation de langages musicaux pour l&#8217;analyse de partitions et la composition<\/strong> <a href=\"https:\/\/leria.univ-angers.fr\/wp-content\/uploads\/2023\/09\/IA-musique-Bigo.pdf\" target=\"_blank\" rel=\"noreferrer noopener\">(pr\u00e9sentation .PDF)<\/a><br><em><a rel=\"noreferrer noopener\" href=\"http:\/\/louisbigo.com\/\" target=\"_blank\">Pr Louis Bigo<\/a>, LaBRI (Universit\u00e9 de Bordeaux),&nbsp; Groupement d&#8217;Int\u00e9r\u00eat Scientifique SCRIME &nbsp;<\/em><br>R\u00e9sum\u00e9 : Cet expos\u00e9 parcourt une vari\u00e9t\u00e9 de repr\u00e9sentations et d&#8217;algorithmes d\u00e9di\u00e9s \u00e0 l\u2019analyse et la composition de musique assist\u00e9e par ordinateur, avec comme point commun leur propension \u00e0 capturer diff\u00e9rentes facettes du langage musical tel qu\u2019il appara\u00eet dans les partitions. La notion de langage musical sera approch\u00e9e \u00e0 travers des composants essentiels des partitions, incluant la structure, la texture ou encore les annotations relatives \u00e0 la pratique instrumentale dans le cas sp\u00e9cifique des tablatures de guitare. Nous \u00e9voquerons \u00e9galement l\u2019adaptation d\u2019outils d\u2019intelligence artificielle \u00e9labor\u00e9s dans le domaine du Traitement Automatique du Langage Naturel (TALN) pour l\u2019\u00e9tude des partitions, ainsi que la tendance de ces outils \u00e0 nous interroger sur l\u2019assimilation de la musique \u00e0 un type particulier de langage.<\/p>\n\n\n\n<p><strong>11h15 &#8211; \u00c9tiquetage d&#8217;un Catalogue Musical Large<\/strong> <a href=\"https:\/\/leria.univ-angers.fr\/wp-content\/uploads\/2023\/09\/Labeling-a-Large-Music-Catalog-RIGHT-VERSION.pdf\" target=\"_blank\" rel=\"noreferrer noopener\">(pr\u00e9sentation .PDF)<\/a><br><em>Dr <a rel=\"noreferrer noopener\" href=\"http:\/\/romain-hennequin.fr\/\" target=\"_blank\">Romain Hennequin<\/a>, Lead Research Scientist chez Deezer Research<\/em><br>R\u00e9sum\u00e9 : Les services de streaming musical tels que Deezer, offrent \u00e0 leurs utilisateurs un catalogue de dizaines de millions de chansons. Naviguer \u00e0 travers un catalogue aussi vaste n\u00e9cessite de r\u00e9cup\u00e9rer et d&#8217;organiser les connaissances musicales de mani\u00e8re automatis\u00e9e \u00e0 l&#8217;aide d&#8217;outils de recherche d&#8217;informations musicales. Diverses dimensions musicales peuvent \u00eatre prises en compte, telles que le genre musical ou les ambiances, et toutes ces dimensions sont sujettes \u00e0 des ambigu\u00eft\u00e9s. La pr\u00e9sentation d\u00e9crira les probl\u00e8mes courants li\u00e9s \u00e0 l&#8217;\u00e9tiquetage des larges catalogues musicaux, comment les aborder, ainsi que les d\u00e9fis qui subsistent.<\/p>\n\n\n\n<hr class=\"wp-block-separator has-alpha-channel-opacity\"\/>\n\n\n\n<div class=\"wp-block-columns is-layout-flex wp-container-core-columns-is-layout-9d6595d7 wp-block-columns-is-layout-flex\">\n<div class=\"wp-block-column is-layout-flow wp-block-column-is-layout-flow\"><div class=\"wp-block-image\">\n<figure class=\"aligncenter size-full\"><img loading=\"lazy\" decoding=\"async\" width=\"121\" height=\"41\" src=\"https:\/\/leria.univ-angers.fr\/wp-content\/uploads\/2023\/09\/logo_LERIA-2_61x180_41x121.png\" alt=\"\" class=\"wp-image-313\"\/><\/figure>\n<\/div><\/div>\n\n\n\n<div class=\"wp-block-column is-layout-flow wp-block-column-is-layout-flow\"><div class=\"wp-block-image\">\n<figure class=\"aligncenter size-large is-resized\"><img loading=\"lazy\" decoding=\"async\" src=\"https:\/\/leria.univ-angers.fr\/wp-content\/uploads\/2023\/09\/logo_ESEO-1024x723.jpeg\" alt=\"\" class=\"wp-image-329\" style=\"width:111px;height:78px\" width=\"111\" height=\"78\" srcset=\"https:\/\/leria.univ-angers.fr\/wp-content\/uploads\/2023\/09\/logo_ESEO-1024x723.jpeg 1024w, https:\/\/leria.univ-angers.fr\/wp-content\/uploads\/2023\/09\/logo_ESEO-300x212.jpeg 300w, https:\/\/leria.univ-angers.fr\/wp-content\/uploads\/2023\/09\/logo_ESEO-768x542.jpeg 768w, https:\/\/leria.univ-angers.fr\/wp-content\/uploads\/2023\/09\/logo_ESEO-1536x1085.jpeg 1536w, https:\/\/leria.univ-angers.fr\/wp-content\/uploads\/2023\/09\/logo_ESEO-425x300.jpeg 425w, https:\/\/leria.univ-angers.fr\/wp-content\/uploads\/2023\/09\/logo_ESEO.jpeg 1600w\" sizes=\"auto, (max-width: 111px) 100vw, 111px\" \/><\/figure>\n<\/div><\/div>\n\n\n\n<div class=\"wp-block-column is-layout-flow wp-block-column-is-layout-flow\"><div class=\"wp-block-image\">\n<figure class=\"aligncenter size-full is-resized\"><img loading=\"lazy\" decoding=\"async\" src=\"https:\/\/leria.univ-angers.fr\/wp-content\/uploads\/2023\/09\/LogoAubay_72x72.png\" alt=\"\" class=\"wp-image-312\" style=\"width:102px;height:102px\" width=\"102\" height=\"102\"\/><\/figure>\n<\/div><\/div>\n<\/div>\n\n\n\n<p>Cet \u00e9v\u00e9nement a \u00e9t\u00e9 organis\u00e9 avec le soutien du LERIA, de l&#8217;<a href=\"https:\/\/eseo.fr\/\" target=\"_blank\" rel=\"noreferrer noopener\">ESEO<\/a> et de l&#8217;entreprise <a href=\"https:\/\/aubay.com\/\">Aubay<\/a>.<\/p>\n\n\n\n<h2 class=\"wp-block-heading\">Quelques photos de l&#8217;\u00e9v\u00e9nement<\/h2>\n\n\n\n<figure class=\"wp-block-gallery has-nested-images columns-default is-cropped wp-block-gallery-1 is-layout-flex wp-block-gallery-is-layout-flex\">\n<figure class=\"wp-block-image size-full\"><a href=\"https:\/\/leria.univ-angers.fr\/wp-content\/uploads\/2023\/09\/Jean-Pierre.jpeg\" target=\"_blank\" rel=\"noopener\"><img loading=\"lazy\" decoding=\"async\" width=\"2000\" height=\"1125\" data-id=\"309\" src=\"https:\/\/leria.univ-angers.fr\/wp-content\/uploads\/2023\/09\/Jean-Pierre.jpeg\" alt=\"\" class=\"wp-image-309\" srcset=\"https:\/\/leria.univ-angers.fr\/wp-content\/uploads\/2023\/09\/Jean-Pierre.jpeg 2000w, https:\/\/leria.univ-angers.fr\/wp-content\/uploads\/2023\/09\/Jean-Pierre-300x169.jpeg 300w, https:\/\/leria.univ-angers.fr\/wp-content\/uploads\/2023\/09\/Jean-Pierre-1024x576.jpeg 1024w, https:\/\/leria.univ-angers.fr\/wp-content\/uploads\/2023\/09\/Jean-Pierre-768x432.jpeg 768w, https:\/\/leria.univ-angers.fr\/wp-content\/uploads\/2023\/09\/Jean-Pierre-1536x864.jpeg 1536w, https:\/\/leria.univ-angers.fr\/wp-content\/uploads\/2023\/09\/Jean-Pierre-500x281.jpeg 500w\" sizes=\"auto, (max-width: 2000px) 100vw, 2000px\" \/><\/a><\/figure>\n\n\n\n<figure class=\"wp-block-image size-full\"><a href=\"https:\/\/leria.univ-angers.fr\/wp-content\/uploads\/2023\/09\/Jean-Pierre2.jpeg\" target=\"_blank\" rel=\"noopener\"><img loading=\"lazy\" decoding=\"async\" width=\"2000\" height=\"1125\" data-id=\"310\" src=\"https:\/\/leria.univ-angers.fr\/wp-content\/uploads\/2023\/09\/Jean-Pierre2.jpeg\" alt=\"\" class=\"wp-image-310\" srcset=\"https:\/\/leria.univ-angers.fr\/wp-content\/uploads\/2023\/09\/Jean-Pierre2.jpeg 2000w, https:\/\/leria.univ-angers.fr\/wp-content\/uploads\/2023\/09\/Jean-Pierre2-300x169.jpeg 300w, https:\/\/leria.univ-angers.fr\/wp-content\/uploads\/2023\/09\/Jean-Pierre2-1024x576.jpeg 1024w, https:\/\/leria.univ-angers.fr\/wp-content\/uploads\/2023\/09\/Jean-Pierre2-768x432.jpeg 768w, https:\/\/leria.univ-angers.fr\/wp-content\/uploads\/2023\/09\/Jean-Pierre2-1536x864.jpeg 1536w, https:\/\/leria.univ-angers.fr\/wp-content\/uploads\/2023\/09\/Jean-Pierre2-500x281.jpeg 500w\" sizes=\"auto, (max-width: 2000px) 100vw, 2000px\" \/><\/a><\/figure>\n\n\n\n<figure class=\"wp-block-image size-full\"><a href=\"https:\/\/leria.univ-angers.fr\/wp-content\/uploads\/2023\/09\/Louis.jpeg\" target=\"_blank\" rel=\"noopener\"><img loading=\"lazy\" decoding=\"async\" width=\"2000\" height=\"1125\" data-id=\"314\" src=\"https:\/\/leria.univ-angers.fr\/wp-content\/uploads\/2023\/09\/Louis.jpeg\" alt=\"\" class=\"wp-image-314\" srcset=\"https:\/\/leria.univ-angers.fr\/wp-content\/uploads\/2023\/09\/Louis.jpeg 2000w, https:\/\/leria.univ-angers.fr\/wp-content\/uploads\/2023\/09\/Louis-300x169.jpeg 300w, https:\/\/leria.univ-angers.fr\/wp-content\/uploads\/2023\/09\/Louis-1024x576.jpeg 1024w, https:\/\/leria.univ-angers.fr\/wp-content\/uploads\/2023\/09\/Louis-768x432.jpeg 768w, https:\/\/leria.univ-angers.fr\/wp-content\/uploads\/2023\/09\/Louis-1536x864.jpeg 1536w, https:\/\/leria.univ-angers.fr\/wp-content\/uploads\/2023\/09\/Louis-500x281.jpeg 500w\" sizes=\"auto, (max-width: 2000px) 100vw, 2000px\" \/><\/a><\/figure>\n\n\n\n<figure class=\"wp-block-image size-full\"><a href=\"https:\/\/leria.univ-angers.fr\/wp-content\/uploads\/2023\/09\/Louis2.jpeg\" target=\"_blank\" rel=\"noopener\"><img loading=\"lazy\" decoding=\"async\" width=\"2000\" height=\"1125\" data-id=\"315\" src=\"https:\/\/leria.univ-angers.fr\/wp-content\/uploads\/2023\/09\/Louis2.jpeg\" alt=\"\" class=\"wp-image-315\" srcset=\"https:\/\/leria.univ-angers.fr\/wp-content\/uploads\/2023\/09\/Louis2.jpeg 2000w, https:\/\/leria.univ-angers.fr\/wp-content\/uploads\/2023\/09\/Louis2-300x169.jpeg 300w, https:\/\/leria.univ-angers.fr\/wp-content\/uploads\/2023\/09\/Louis2-1024x576.jpeg 1024w, https:\/\/leria.univ-angers.fr\/wp-content\/uploads\/2023\/09\/Louis2-768x432.jpeg 768w, https:\/\/leria.univ-angers.fr\/wp-content\/uploads\/2023\/09\/Louis2-1536x864.jpeg 1536w, https:\/\/leria.univ-angers.fr\/wp-content\/uploads\/2023\/09\/Louis2-500x281.jpeg 500w\" sizes=\"auto, (max-width: 2000px) 100vw, 2000px\" \/><\/a><\/figure>\n\n\n\n<figure class=\"wp-block-image size-full\"><a href=\"https:\/\/leria.univ-angers.fr\/wp-content\/uploads\/2023\/09\/Nathan.jpeg\" target=\"_blank\" rel=\"noopener\"><img loading=\"lazy\" decoding=\"async\" width=\"2000\" height=\"1125\" data-id=\"316\" src=\"https:\/\/leria.univ-angers.fr\/wp-content\/uploads\/2023\/09\/Nathan.jpeg\" alt=\"\" class=\"wp-image-316\" srcset=\"https:\/\/leria.univ-angers.fr\/wp-content\/uploads\/2023\/09\/Nathan.jpeg 2000w, https:\/\/leria.univ-angers.fr\/wp-content\/uploads\/2023\/09\/Nathan-300x169.jpeg 300w, https:\/\/leria.univ-angers.fr\/wp-content\/uploads\/2023\/09\/Nathan-1024x576.jpeg 1024w, https:\/\/leria.univ-angers.fr\/wp-content\/uploads\/2023\/09\/Nathan-768x432.jpeg 768w, https:\/\/leria.univ-angers.fr\/wp-content\/uploads\/2023\/09\/Nathan-1536x864.jpeg 1536w, https:\/\/leria.univ-angers.fr\/wp-content\/uploads\/2023\/09\/Nathan-500x281.jpeg 500w\" sizes=\"auto, (max-width: 2000px) 100vw, 2000px\" \/><\/a><\/figure>\n\n\n\n<figure class=\"wp-block-image size-full\"><a href=\"https:\/\/leria.univ-angers.fr\/wp-content\/uploads\/2023\/09\/Nathan2.jpeg\" target=\"_blank\" rel=\"noopener\"><img loading=\"lazy\" decoding=\"async\" width=\"2000\" height=\"1125\" data-id=\"317\" src=\"https:\/\/leria.univ-angers.fr\/wp-content\/uploads\/2023\/09\/Nathan2.jpeg\" alt=\"\" class=\"wp-image-317\" srcset=\"https:\/\/leria.univ-angers.fr\/wp-content\/uploads\/2023\/09\/Nathan2.jpeg 2000w, https:\/\/leria.univ-angers.fr\/wp-content\/uploads\/2023\/09\/Nathan2-300x169.jpeg 300w, https:\/\/leria.univ-angers.fr\/wp-content\/uploads\/2023\/09\/Nathan2-1024x576.jpeg 1024w, https:\/\/leria.univ-angers.fr\/wp-content\/uploads\/2023\/09\/Nathan2-768x432.jpeg 768w, https:\/\/leria.univ-angers.fr\/wp-content\/uploads\/2023\/09\/Nathan2-1536x864.jpeg 1536w, https:\/\/leria.univ-angers.fr\/wp-content\/uploads\/2023\/09\/Nathan2-500x281.jpeg 500w\" sizes=\"auto, (max-width: 2000px) 100vw, 2000px\" \/><\/a><\/figure>\n\n\n\n<figure class=\"wp-block-image size-full\"><a href=\"https:\/\/leria.univ-angers.fr\/wp-content\/uploads\/2023\/09\/Romain.jpeg\" target=\"_blank\" rel=\"noopener\"><img loading=\"lazy\" decoding=\"async\" width=\"1600\" height=\"900\" data-id=\"320\" src=\"https:\/\/leria.univ-angers.fr\/wp-content\/uploads\/2023\/09\/Romain.jpeg\" alt=\"\" class=\"wp-image-320\" srcset=\"https:\/\/leria.univ-angers.fr\/wp-content\/uploads\/2023\/09\/Romain.jpeg 1600w, https:\/\/leria.univ-angers.fr\/wp-content\/uploads\/2023\/09\/Romain-300x169.jpeg 300w, https:\/\/leria.univ-angers.fr\/wp-content\/uploads\/2023\/09\/Romain-1024x576.jpeg 1024w, https:\/\/leria.univ-angers.fr\/wp-content\/uploads\/2023\/09\/Romain-768x432.jpeg 768w, https:\/\/leria.univ-angers.fr\/wp-content\/uploads\/2023\/09\/Romain-1536x864.jpeg 1536w, https:\/\/leria.univ-angers.fr\/wp-content\/uploads\/2023\/09\/Romain-500x281.jpeg 500w\" sizes=\"auto, (max-width: 1600px) 100vw, 1600px\" \/><\/a><\/figure>\n\n\n\n<figure class=\"wp-block-image size-full\"><a href=\"https:\/\/leria.univ-angers.fr\/wp-content\/uploads\/2023\/09\/Romain2.jpeg\" target=\"_blank\" rel=\"noopener\"><img loading=\"lazy\" decoding=\"async\" width=\"2000\" height=\"1125\" data-id=\"321\" src=\"https:\/\/leria.univ-angers.fr\/wp-content\/uploads\/2023\/09\/Romain2.jpeg\" alt=\"\" class=\"wp-image-321\" srcset=\"https:\/\/leria.univ-angers.fr\/wp-content\/uploads\/2023\/09\/Romain2.jpeg 2000w, https:\/\/leria.univ-angers.fr\/wp-content\/uploads\/2023\/09\/Romain2-300x169.jpeg 300w, https:\/\/leria.univ-angers.fr\/wp-content\/uploads\/2023\/09\/Romain2-1024x576.jpeg 1024w, https:\/\/leria.univ-angers.fr\/wp-content\/uploads\/2023\/09\/Romain2-768x432.jpeg 768w, https:\/\/leria.univ-angers.fr\/wp-content\/uploads\/2023\/09\/Romain2-1536x864.jpeg 1536w, https:\/\/leria.univ-angers.fr\/wp-content\/uploads\/2023\/09\/Romain2-500x281.jpeg 500w\" sizes=\"auto, (max-width: 2000px) 100vw, 2000px\" \/><\/a><\/figure>\n<\/figure>\n","protected":false},"excerpt":{"rendered":"<p>Le LERIA et l&#8217;Universit\u00e9 d&#8217;Angers ont organis\u00e9 la Matin\u00e9e sur la Musique et l&#8217;IA le lundi 25 septembre 2023 afin de discuter sur l&#8217;intelligence artificielle et la musique. Cette matin\u00e9e a \u00e9t\u00e9 organis\u00e9e sous l&#8217;impulsion de Nicolas GUTOWSKI, Fabien CHHEL &hellip; <a href=\"https:\/\/leria.univ-angers.fr\/?page_id=306\">Continuer la lecture <span class=\"meta-nav\">&rarr;<\/span><\/a><\/p>\n","protected":false},"author":15,"featured_media":304,"parent":290,"menu_order":1,"comment_status":"closed","ping_status":"closed","template":"","meta":{"footnotes":""},"class_list":["post-306","page","type-page","status-publish","has-post-thumbnail","hentry"],"_links":{"self":[{"href":"https:\/\/leria.univ-angers.fr\/index.php?rest_route=\/wp\/v2\/pages\/306","targetHints":{"allow":["GET"]}}],"collection":[{"href":"https:\/\/leria.univ-angers.fr\/index.php?rest_route=\/wp\/v2\/pages"}],"about":[{"href":"https:\/\/leria.univ-angers.fr\/index.php?rest_route=\/wp\/v2\/types\/page"}],"author":[{"embeddable":true,"href":"https:\/\/leria.univ-angers.fr\/index.php?rest_route=\/wp\/v2\/users\/15"}],"replies":[{"embeddable":true,"href":"https:\/\/leria.univ-angers.fr\/index.php?rest_route=%2Fwp%2Fv2%2Fcomments&post=306"}],"version-history":[{"count":6,"href":"https:\/\/leria.univ-angers.fr\/index.php?rest_route=\/wp\/v2\/pages\/306\/revisions"}],"predecessor-version":[{"id":333,"href":"https:\/\/leria.univ-angers.fr\/index.php?rest_route=\/wp\/v2\/pages\/306\/revisions\/333"}],"up":[{"embeddable":true,"href":"https:\/\/leria.univ-angers.fr\/index.php?rest_route=\/wp\/v2\/pages\/290"}],"wp:featuredmedia":[{"embeddable":true,"href":"https:\/\/leria.univ-angers.fr\/index.php?rest_route=\/wp\/v2\/media\/304"}],"wp:attachment":[{"href":"https:\/\/leria.univ-angers.fr\/index.php?rest_route=%2Fwp%2Fv2%2Fmedia&parent=306"}],"curies":[{"name":"wp","href":"https:\/\/api.w.org\/{rel}","templated":true}]}}