{"id":50,"date":"2021-11-12T17:28:52","date_gmt":"2021-11-12T16:28:52","guid":{"rendered":"https:\/\/leria.univ-angers.fr\/?page_id=50"},"modified":"2024-10-28T10:23:54","modified_gmt":"2024-10-28T09:23:54","slug":"publications-theses","status":"publish","type":"page","link":"https:\/\/leria.univ-angers.fr\/?page_id=50","title":{"rendered":"Publications\/Th\u00e8ses"},"content":{"rendered":"\n<h1 class=\"wp-block-heading\"><a href=\"https:\/\/hal.univ-angers.fr\/LERIA\" target=\"_blank\" rel=\"noreferrer noopener\">Publications du LERIA sur HAL-UA<\/a><\/h1>\n\n\n\n<p><\/p>\n\n\n\n<h1 class=\"wp-block-heading\">Th\u00e8ses en cours<\/h1>\n\n\n\n<figure class=\"wp-block-table is-style-stripes\" style=\"font-size:80%\">\n    <table>\n        <thead>\n            <tr>\n                <th>Doctorant.e<\/th>\n                <th>Sujet<\/th>\n                <th>Encadrants<\/th>\n            <\/tr>\n        <\/thead>\n        <tbody>\n            <tr>\n                <td>ALLARD Victor<\/td>\n                <td><a href=\"\">Langage de strat\u00e9gie d\u2019application d\u2019op\u00e9rateurs<\/a><\/td>\n                <td>\u00c9ric Monfroy, Vincent Barichard, Jean-Michel Richer<\/td>\n            <\/tr>\n            <tr>\n                <td>ASSAF Rita-Nathalia<\/td>\n                <td><a href=\"https:\/\/theses.fr\/s387145\">Optimisation combinatoire pour la d\u00e9tection de structures au sein de documents : repr\u00e9sentations, transformations et extraction d\u2019informations<\/a><\/td>\n                <td>Fr\u00e9d\u00e9ric Saubion, Frederic Lardeux<\/td>\n            <\/tr>\n            <tr>\n                <td>BEHUET Corentin<\/td>\n                <td><a href=\"https:\/\/theses.fr\/s304310\">Approches par contraintes pour la mod\u00e9lisation et la r\u00e9solution de probl\u00e8mes d&#8217;emplois du temps universitaires<\/a><\/td>\n                <td>LESAINT David, BARICHARD Vincent, GENEST David<\/td>\n            <\/tr>\n            <tr>\n                <td>BELLANGER Thibaut<\/td>\n                <td><a href=\"https:\/\/theses.fr\/s386978\">Hyperheuristiques pour la cybers\u00e9curit\u00e9 : application \u00e0 la D\u00e9tection d\u2019Intrusion<\/a><\/td>\n                <td>Jin-kao Hao, Manuel Clergue, Mathieu Le berre<\/td>\n            <\/tr>\n            <tr>\n                <td>BOTCAZOU Ivanho\u00e9<\/td>\n                <td><a href=\"\">G\u00e9n\u00e9ration Incr\u00e9mentale de Textes par Apprentissage par Renforcement Profond : Application \u00e0 la g\u00e9n\u00e9ration de programmes d\u2019exercices<\/a><\/td>\n                <td>Tassadit Amghar, Sylvain Lamprier, Fr\u00e9d\u00e9ric Saubion<\/td>\n            <\/tr>\n            <tr>\n                <td>FLEURENT Martin<\/td>\n                <td><a href=\"\">Cr\u00e9ation et interrogation de cartes cognitives par contraintes &#8211; Fondements et application en mobilit\u00e9 durable<\/a><\/td>\n                <td>David Genest, David Lesaint, St\u00e9phane Loiseau, Thomas Raimbault (EIGSI)<\/td>\n            <\/tr>\n            <tr>\n                <td>GARREAU Bryan<\/td>\n                <td><a href=\"https:\/\/theses.fr\/s298795\">Combinaison de m\u00e9thodes de r\u00e9solution de probl\u00e8mes exactes issues de l&#8217;IA<\/a><\/td>\n                <td>MONFROY Eric, DIEGUEZ LODEIRO Martin, STEPHAN Igor<\/td>\n            <\/tr>\n            <tr>\n                <td>GUERIN Axel<\/td>\n                <td><a href=\"https:\/\/theses.fr\/s275465\">Extraction et gestion de la connaissance clients par des m\u00e9thodes d&#8217;apprentissage non supervis\u00e9es<\/a><\/td>\n                <td>CHAUVET Pierre, SAUBION Fr\u00e9d\u00e9ric, COURTOIS Christophe<\/td>\n            <\/tr>\n            <tr>\n                <td>LEI Zhenyu<\/td>\n                <td><a href=\"https:\/\/theses.fr\/s386934\">Optimisation bas\u00e9e sur l&#8217;apprentissage automatique pour la r\u00e9solution de probl\u00e8mes complexes<\/a><\/td>\n                <td>Jin-kao Hao<\/td>\n            <\/tr>\n            <tr>\n                <td>MACE Maxime<\/td>\n                <td><a href=\"https:\/\/theses.fr\/s387050\">Conception et d\u00e9veloppement d&#8217;exercices personnalis\u00e9s et auto\u00e9volutifs pour la r\u00e9\u00e9ducation de d\u00e9ficiences motrice et cognitive<\/a><\/td>\n                <td>Tassadit Amghar, Paul Richard, Emmanuelle Menetrier<\/td>\n            <\/tr>\n            <tr>\n                <td>OZER Derin<\/td>\n                <td><a href=\"https:\/\/theses.fr\/s386968\">G\u00e9n\u00e9ration de structures graphiques par apprentissage par renforcement profond : application \u00e0 la chimie mol\u00e9culaire<\/a><\/td>\n                <td>Sylvain Lamprier, Benoit Da mota, Nicolas Gutowski<\/td>\n            <\/tr>\n            <tr>\n                <td>PETITBOIS Mathieu<\/td>\n                <td><a href=\"https:\/\/theses.fr\/s387163\">Imitation et Personnalisation de Comportements en Apprentissage par Renforcement Profond<\/a><\/td>\n                <td>Sylvain Lamprier, Ludovic Denoyer<\/td>\n            <\/tr>\n            <tr>\n                <td>PINSOLLE Jean<\/td>\n                <td><a href=\"https:\/\/theses.fr\/s387028\">Apprentissage non supervis\u00e9 en \u00e9coute \u00e9lectromagn\u00e9tique passive<\/a><\/td>\n                <td>Jin-kao Hao, Olivier Goudet<\/td>\n            <\/tr>\n            <tr>\n                <td>SAOUT Thomas<\/td>\n                <td><a href=\"https:\/\/theses.fr\/s275771\">Gestion \u00e9lectronique avanc\u00e9e de documents professionnels<\/a><\/td>\n                <td>SAUBION Fr\u00e9d\u00e9ric, LARDEUX Fr\u00e9d\u00e9ric, DEREC Vincent<\/td>\n            <\/tr>\n            <tr>\n                <td>SEKAR Suruthy<\/td>\n                <td><a href=\"https:\/\/theses.fr\/s387138\">Am\u00e9lioration de l&#8217;hybridation CP\/SAT<\/a><\/td>\n                <td>Eric Monfroy<\/td>\n            <\/tr>\n            <tr>\n                <td>SUIRE Quentin<\/td>\n                <td><a href=\"\">\u00c9mergence par neuro-\u00e9volution d&#8217;algorithmes de recherche pour l&#8217;optimisation combinatoire<\/a><\/td>\n                <td>Adrien Go\u00ebffon, Olivier Goudet<\/td>\n            <\/tr>\n            <tr>\n                <td>YANG Wei<\/td>\n                <td>Optimization of cross-dock truck scheduling under uncertainty<\/td>\n                <td>Jin-Kao Hao<\/td>\n            <\/tr>\n\n            <tr>\n                <td>ZOU Youji<\/td>\n                <td><a href=\"https:\/\/theses.fr\/s309526\">Informatique intelligente pour les probl\u00e8mes d&#8217;ordonnancement importants et complexes avec application \u00e0 chargement multiple v\u00e9hicules \u00e0 guidage automatique (AGV) et planification int\u00e9gr\u00e9e \u00e0 la machine<\/a><\/td>\n                <td>HAO Jin-Kao<\/td>\n            <\/tr>\n            <tr>\n                <td><\/td>\n                <td><\/td>\n                <td><\/td>\n            <\/tr>\n        <\/tbody>\n    <\/table>\n<\/figure>\n\n\n\n<h1 class=\"wp-block-heading\">Th\u00e8ses soutenues<\/h1>\n\n\n\n<figure class=\"wp-block-table is-style-stripes\" style=\"font-size:80%\">\n    <table>\n        <thead>\n            <tr>\n                <th>NOM Pr\u00e9nom<\/th>\n                <th>Ann\u00e9e<\/th>\n                <th>Sujet<\/th>\n                <th>Encadrants<\/th>\n            <\/tr>\n        <\/thead>\n        <tbody>\n            <tr>\n                <td>LIU Haichao<\/td>\n                <td>2024<\/td>\n                <td><a href=\"https:\/\/theses.fr\/s387158\">M\u00e9thodes d&#8217;optimisation intelligente pour les probl\u00e8mes de planification de rendez-vous multiple d&#8217;examens ambulatoires \u00e0 grande \u00e9chelle<\/a><\/td>\n                <td>Jin-kao Hao, Yang Wang<\/td>\n            <\/tr>\n            <tr>\n                <td>GRELIER Cyril<\/td>\n                <td>2023<\/td>\n                <td><a href=\"https:\/\/theses.fr\/2023ANGE0053\">M\u00e9taheuristiques Guid\u00e9es par l\u2019Apprentissage pour la Coloration de Graphe<\/a><\/td>\n                <td>HAO Jin-Kao, GOUDET Olivier<\/td>\n            <\/tr>\n            <tr>\n                <td>LETARD Alexandre<\/td>\n                <td>2023<\/td>\n                <td><a href=\"https:\/\/theses.fr\/2023ANGE0007\">Un syst\u00e8me d&#8217;apprentissage artificiel multicrit\u00e8re guid\u00e9 par les besoins utilisateur<\/a><\/td>\n                <td>AMGHAR Tassadit, CAMP Olivier, GUTOWSKI Nicolas<\/td>\n            <\/tr>\n            <tr>\n                <td>LEGUY Jules<\/td>\n                <td>2022<\/td>\n                <td><a href=\"https:\/\/theses.fr\/2022ANGE0061\">Recherche combinatoire guid\u00e9e par apprentissage artificiel en chimie mol\u00e9culaire<\/a><\/td>\n                <td>DUVAL B\u00e9atrice, DA MOTA Benoit, CAUCHY Thomas<\/td>\n            <\/tr>\n            <tr>\n                <td>HE Pengfei<\/td>\n                <td>2022<\/td>\n                <td><a href=\"https:\/\/theses.fr\/2022ANGE0018\">Algorithme g\u00e9n\u00e9tique hybride pour quelques probl\u00e8mes de routage de v\u00e9hicules<\/a><\/td>\n                <td>HAO Jin-Kao<\/td>\n            <\/tr>\n            <tr>\n                <td>LI Yinuo<\/td>\n                <td>2021<\/td>\n                <td><a href=\"https:\/\/theses.fr\/2021ANGE0028\">\u00c9laboration de projets personnalis\u00e9s pour les usagers du secteur social et m\u00e9dico-social : planification automatique et ob- jectivation des donn\u00e9es<\/a><\/td>\n                <td>HAO Jin-Kao<\/td>\n            <\/tr>\n            <tr>\n                <td>HENAUX Vincent<\/td>\n                <td>2021<\/td>\n                <td><a href=\"https:\/\/theses.fr\/2021ANGE0026\">G\u00e9n\u00e9ration d&#8217;algorithmes de recherche locale<\/a><\/td>\n                <td>GO\u00cbFFON Adrien, SAUBION Fr\u00e9d\u00e9ric<\/td>\n            <\/tr>\n            <tr>\n                <td>WEI Zequn<\/td>\n                <td>2021<\/td>\n                <td><a href=\"https:\/\/theses.fr\/2021ANGE0001\">Algorithmes d\u2019optimisation pour deux probl\u00e8mes de sac \u00e0 dos<\/a><\/td>\n                <td>HAO Jin-Kao<\/td>\n            <\/tr>\n            <tr>\n                <td>DELAVERNHE Florian<\/td>\n                <td>2020<\/td>\n                <td><a href=\"https:\/\/theses.fr\/2020ANGE0070\">Optimisation d&#8217;ensembles de capteurs pour le suivi et la recherche de cibles<\/a><\/td>\n                <td>ROSSI Andr\u00e9, SEVAUX Marc<\/td>\n            <\/tr>\n            <tr>\n                <td>LU Zhi<\/td>\n                <td>2020<\/td>\n                <td><a href=\"https:\/\/theses.fr\/2020ANGE0013\">Approches d\u2019optimisation pour le partitionnement de graphe de conductance minimale<\/a><\/td>\n                <td>HAO Jin-Kao<\/td>\n            <\/tr>\n            <tr>\n                <td>REN Jintong<\/td>\n                <td>2020<\/td>\n                <td><a href=\"https:\/\/theses.fr\/2020ANGE0012\">Algorithmes d\u2019optimisation pour deux probl\u00e8mes de disposition des graphes<\/a><\/td>\n                <td>HAO Jin-Kao<\/td>\n            <\/tr>\n            <tr>\n                <td>ROBERT Adrian<\/td>\n                <td>2020<\/td>\n                <td><a href=\"https:\/\/theses.fr\/2020ANGE0075\">Repr\u00e9sentation et interrogation de connaissances dans des cartes cognitives spatio-temporelles<\/a><\/td>\n                <td>LOISEAU St\u00e9phane, GENEST David<\/td>\n            <\/tr>\n            <tr>\n                <td>VASCONCELLOS GAETE Claudia<\/td>\n                <td>2020<\/td>\n                <td><a href=\"https:\/\/theses.fr\/2020ANGE0069\">Etude des M\u00e9canismes de Transformation de Mod\u00e8les CSP\/SAT<\/a><\/td>\n                <td>LARDEUX Fr\u00e9d\u00e9ric, BARICHARD Vincent<\/td>\n            <\/tr>\n            <tr>\n                <td>GUTOWSKI Nicolas<\/td>\n                <td>2019<\/td>\n                <td><a href=\"https:\/\/theses.fr\/2019ANGE0030\">Recommandation contextuelle de services : application \u00e0 la recommandation d&#8217;\u00e9v\u00e8nements culturels dans la ville intelligente<\/a><\/td>\n                <td>AMGHAR Tassadit, CAMP Olivier<\/td>\n            <\/tr>\n            <tr>\n                <td>LE CALVAR Th\u00e9o<\/td>\n                <td>2019<\/td>\n                <td><a href=\"https:\/\/theses.fr\/2019ANGE0035\">Exploration d\u2019ensembles de mod\u00e8les<\/a><\/td>\n                <td>SAUBION Fr\u00e9d\u00e9ric, CHHEL Fabien, JOUAULT Fr\u00e9d\u00e9ric<\/td>\n            <\/tr>\n            <tr>\n                <td>TARI Sara<\/td>\n                <td>2019<\/td>\n                <td><a href=\"https:\/\/theses.fr\/2019ANGE0013\">Strat\u00e9gies d&#8217;exploration de paysages de fitness : application \u00e0 la r\u00e9solution approch\u00e9e de probl\u00e8mes d&#8217;optimisation combinatoire<\/a><\/td>\n                <td>GO\u00cbFFON Adrien, BASSEUR Matthieu<\/td>\n            <\/tr>\n            <tr>\n                <td>GALVEZ RAMIREZ Nicolas<\/td>\n                <td>2018<\/td>\n                <td><a href=\"https:\/\/theses.fr\/s131230\">Un cadre pour la g\u00e9n\u00e9ration autonome de strat\u00e9gies dans la satisfiabilit\u00e9 modulo des th\u00e9ories<\/a><\/td>\n                <td>SAUBION Fr\u00e9d\u00e9ric, MONFROY Eric, CASTRO Carlos<\/td>\n            <\/tr>\n            <tr>\n                <td>SUN Wen<\/td>\n                <td>2018<\/td>\n                <td><a href=\"https:\/\/theses.fr\/s135374\">Algorithmes heuristiques pour des probl\u00e8mes de coloration de graphes<\/a><\/td>\n                <td>HAO Jin-Kao, CAMINADA Alexandre<\/td>\n            <\/tr>\n            <tr>\n                <td>CHABANE Brahim<\/td>\n                <td>2017<\/td>\n                <td><a href=\"https:\/\/theses.fr\/2017ANGE0035\">Optimisation de plans d\u2019actions multi-objectifs dans le secteur social et m\u00e9dico-social<\/a><\/td>\n                <td>HAO Jin-Kao, BASSEUR Matthieu<\/td>\n            <\/tr>\n            <tr>\n                <td>CHAMBON Arthur<\/td>\n                <td>2017<\/td>\n                <td><a href=\"https:\/\/theses.fr\/2017ANGE0030\">Caract\u00e9risation logique de donn\u00e9es : application aux donn\u00e9es biologiques<\/a><\/td>\n                <td>SAUBION Fr\u00e9d\u00e9ric, LARDEUX Fr\u00e9d\u00e9ric<\/td>\n            <\/tr>\n            <tr>\n                <td>DESPORT Pierre<\/td>\n                <td>2017<\/td>\n                <td><a href=\"https:\/\/theses.fr\/2017ANGE0012\">Planification tactique de cha\u00eene d&#8217;approvisionnement en boucle ferm\u00e9e : mod\u00e9lisation, r\u00e9solution, \u00e9valuation<\/a><\/td>\n                <td>LESAINT David, LARDEUX Fr\u00e9d\u00e9ric<\/td>\n            <\/tr>\n            <tr>\n                <td>LEGEAY Marc<\/td>\n                <td>2017<\/td>\n                <td><a href=\"https:\/\/theses.fr\/2017ANGE0021\">\u00c9tude de la r\u00e9gulation anti-sens par l\u2019analyse diff\u00e9rentielle de donn\u00e9es transcriptomiques dans le domaine v\u00e9g\u00e9tal<\/a><\/td>\n                <td>DUVAL B\u00e9atrice, RENOU Jean-Pierre<\/td>\n            <\/tr>\n            <tr>\n                <td>VIGNERON Vincent<\/td>\n                <td>2017<\/td>\n                <td><a href=\"https:\/\/theses.fr\/2017ANGE0028\">Programmation par contraintes et d\u00e9couverte de motifs sur donn\u00e9es s\u00e9quentielles<\/a><\/td>\n                <td>LESAINT David<\/td>\n            <\/tr>\n            <tr>\n                <td>ZHOU Yangming<\/td>\n                <td>2017<\/td>\n                <td><a href=\"https:\/\/theses.fr\/2017ANGE0100\">Approches de r\u00e9solution renforc\u00e9es par des m\u00e9thodes d\u2019apprentissage en optimisation combinatoire<\/a><\/td>\n                <td>HAO Jin-Kao, DUVAL B\u00e9atrice<\/td>\n            <\/tr>\n            <tr>\n                <td>ZHOU Yi<\/td>\n                <td>2017<\/td>\n                <td><a href=\"https:\/\/theses.fr\/2017ANGE0013\">Algorithmes d\u2019Optimisation pour quelques Probl\u00e8mes de Clique<\/a><\/td>\n                <td>HAO Jin-Kao<\/td>\n            <\/tr>\n            <tr>\n                <td>B\u00c9ATRIX Christopher<\/td>\n                <td>2016<\/td>\n                <td><a href=\"https:\/\/theses.fr\/2016ANGE0026\">Justifications dans les approches ASP bas\u00e9es sur les r\u00e8gles : application au backjumping dans le solveur ASPeRiX<\/a><\/td>\n                <td>STEPHAN Igor<\/td>\n            <\/tr>\n            <tr>\n                <td>CHEN Yuning<\/td>\n                <td>2016<\/td>\n                <td><a href=\"https:\/\/theses.fr\/2016ANGE0062\">M\u00e9taheuristiques Hybrides pour quelques Probl\u00e8mes de Sac-\u00e0-Dos Quadratiques<\/a><\/td>\n                <td>HAO Jin-Kao<\/td>\n            <\/tr>\n            <tr>\n                <td>GARREAU Fabien<\/td>\n                <td>2016<\/td>\n                <td><a href=\"https:\/\/theses.fr\/2016ANGE0012\">Extension d&#8217;ASP pour couvrir des fragments DL traitables : \u00e9tude th\u00e9orique et impl\u00e9mentation<\/a><\/td>\n                <td>STEPHAN Igor<\/td>\n            <\/tr>\n            <tr>\n                <td>MA Fuda<\/td>\n                <td>2016<\/td>\n                <td><a href=\"https:\/\/theses.fr\/2016ANGE0010\">Heuristiques \u00e0 op\u00e9rateurs multiples pour des probl\u00e8mes de partitionnement de graphe<\/a><\/td>\n                <td>HAO Jin-Kao<\/td>\n            <\/tr>\n            <tr>\n                <td>SGHIR In\u00e8s<\/td>\n                <td>2016<\/td>\n                <td><a href=\"https:\/\/theses.fr\/2016ANGE0009\">Une m\u00e9thode d\u2019optimisation \u00e0 base de syst\u00e8me multi-agents pour l\u2019optimisation combinatoire<\/a><\/td>\n                <td>HAO Jin-Kao, GHEDIRA Khaled<\/td>\n            <\/tr>\n            <tr>\n                <td>VAZQUEZ ORTIZ Karla<\/td>\n                <td>2016<\/td>\n                <td><a href=\"https:\/\/theses.fr\/2016ANGE0015\">M\u00e9thodes avanc\u00e9es pour la r\u00e9solution du probl\u00e8me de maximum parcimonie<\/a><\/td>\n                <td>LESAINT David, RICHER Jean-Michel<\/td>\n            <\/tr>\n            <tr>\n                <td>JIN Yan<\/td>\n                <td>2015<\/td>\n                <td><a href=\"https:\/\/theses.fr\/2015ANGE0062\">M\u00e9taheuristiques hybrides pour la somme coloration et la coloration de bande passante<\/a><\/td>\n                <td>HAO Jin-Kao<\/td>\n            <\/tr>\n            <tr>\n                <td>MAILLOT Pierre<\/td>\n                <td>2015<\/td>\n                <td><a href=\"https:\/\/theses.fr\/2015ANGE0007\">Nouvelles m\u00e9thodes pour l&#8217;\u00e9valuation, l&#8217;\u00e9volution et l&#8217;interrogation des bases du Web des donn\u00e9es<\/a><\/td>\n                <td>LOISEAU St\u00e9phane, GENEST David<\/td>\n            <\/tr>\n        <\/tbody>\n    <\/table>\n<\/figure>\n","protected":false},"excerpt":{"rendered":"<p>Publications du LERIA sur HAL-UA Th\u00e8ses en cours Doctorant.e Sujet Encadrants ALLARD Victor Langage de strat\u00e9gie d\u2019application d\u2019op\u00e9rateurs \u00c9ric Monfroy, Vincent Barichard, Jean-Michel Richer ASSAF Rita-Nathalia Optimisation combinatoire pour la d\u00e9tection de structures au sein de documents : repr\u00e9sentations, transformations &hellip; <a href=\"https:\/\/leria.univ-angers.fr\/?page_id=50\">Continuer la lecture <span class=\"meta-nav\">&rarr;<\/span><\/a><\/p>\n","protected":false},"author":5,"featured_media":0,"parent":0,"menu_order":3,"comment_status":"closed","ping_status":"closed","template":"","meta":{"footnotes":""},"class_list":["post-50","page","type-page","status-publish","hentry"],"_links":{"self":[{"href":"https:\/\/leria.univ-angers.fr\/index.php?rest_route=\/wp\/v2\/pages\/50","targetHints":{"allow":["GET"]}}],"collection":[{"href":"https:\/\/leria.univ-angers.fr\/index.php?rest_route=\/wp\/v2\/pages"}],"about":[{"href":"https:\/\/leria.univ-angers.fr\/index.php?rest_route=\/wp\/v2\/types\/page"}],"author":[{"embeddable":true,"href":"https:\/\/leria.univ-angers.fr\/index.php?rest_route=\/wp\/v2\/users\/5"}],"replies":[{"embeddable":true,"href":"https:\/\/leria.univ-angers.fr\/index.php?rest_route=%2Fwp%2Fv2%2Fcomments&post=50"}],"version-history":[{"count":18,"href":"https:\/\/leria.univ-angers.fr\/index.php?rest_route=\/wp\/v2\/pages\/50\/revisions"}],"predecessor-version":[{"id":454,"href":"https:\/\/leria.univ-angers.fr\/index.php?rest_route=\/wp\/v2\/pages\/50\/revisions\/454"}],"wp:attachment":[{"href":"https:\/\/leria.univ-angers.fr\/index.php?rest_route=%2Fwp%2Fv2%2Fmedia&parent=50"}],"curies":[{"name":"wp","href":"https:\/\/api.w.org\/{rel}","templated":true}]}}