{"id":54,"date":"2021-11-12T17:28:43","date_gmt":"2021-11-12T16:28:43","guid":{"rendered":"https:\/\/leria.univ-angers.fr\/?page_id=54"},"modified":"2024-10-24T11:08:32","modified_gmt":"2024-10-24T09:08:32","slug":"organisation","status":"publish","type":"page","link":"https:\/\/leria.univ-angers.fr\/?page_id=54","title":{"rendered":"Organisation"},"content":{"rendered":"\n<h1 class=\"wp-block-heading\">Secr\u00e9tariat<\/h1>\n\n\n\n<div class=\"wp-block-columns is-layout-flex wp-container-core-columns-is-layout-9d6595d7 wp-block-columns-is-layout-flex\">\n<div class=\"wp-block-column is-layout-flow wp-block-column-is-layout-flow\" style=\"flex-basis:100%\">\n<figure class=\"wp-block-table has-small-font-size\"><table style=\"table-layout:fixed\"><tbody><tr><td>BAUDOUIN<\/td><td>Emmanuelle<\/td><\/tr><\/tbody><\/table><\/figure>\n<\/div>\n<\/div>\n\n\n\n<h1 class=\"wp-block-heading\">M\u00e9diateur scientifique<\/h1>\n\n\n\n<div class=\"wp-block-columns is-layout-flex wp-container-core-columns-is-layout-9d6595d7 wp-block-columns-is-layout-flex\">\n<div class=\"wp-block-column is-layout-flow wp-block-column-is-layout-flow\" style=\"flex-basis:100%\">\n<figure class=\"wp-block-table is-style-regular has-small-font-size\"><table style=\"table-layout:fixed\"><tbody><tr><td class=\"has-text-align-left\" data-align=\"left\">RICHER<\/td><td>Jean-Michel<\/td><\/tr><\/tbody><\/table><\/figure>\n<\/div>\n<\/div>\n\n\n\n<h1 class=\"wp-block-heading\">Conseil du LERIA<\/h1>\n\n\n\n<figure class=\"wp-block-table is-style-stripes\" style=\"font-size:80%\">\n    <table>\n        <thead>\n            <tr>\n                <th>FONCTION<\/th>\n                <th>NOM PRENOM<\/th>\n                <th>STATUT<\/th>\n            <\/tr>\n        <\/thead>\n        <tbody>\n            <tr>\n                <td>Directeur<\/td>\n                <td>MONFROY Eric<\/td>\n                <td>Professeur<\/td>\n            <\/tr>\n            <tr>\n                <td>Directeur adjoint<\/td>\n                <td>BARICHARD Vincent<\/td>\n                <td>Ma\u00eetre de conf\u00e9rences<\/td>\n            <\/tr>\n            <tr>\n                <td>Membre de rang A<\/td>\n                <td>LARDEUX Fr\u00e9d\u00e9ric<\/td>\n                <td>Professeur<\/td>\n            <\/tr>\n            <tr>\n                <td>Membre de rang A<\/td>\n                <td>LESAINT David<\/td>\n                <td>Professeur<\/td>\n            <\/tr>\n            <tr>\n                <td>Membre de rang B<\/td>\n                <td>DEGUIEZ LODEIRO Martin<\/td>\n                <td>Ma\u00eetre de conf\u00e9rences<\/td>\n            <\/tr>\n            <tr>\n                <td>Membre de rang B<\/td>\n                <td>GOUDET Olivier<\/td>\n                <td>Ma\u00eetre de conf\u00e9rences<\/td>\n            <\/tr>\n            <tr>\n                <td>Membre de rang B<\/td>\n                <td>RICHER Jean-Michel<\/td>\n                <td>Ma\u00eetre de conf\u00e9rences<\/td>\n            <\/tr>\n            <tr>\n                <td>Repr\u00e9sentant BIATSS<\/td>\n                <td>CHANTREIN Jean-Mathieu<\/td>\n                <td>Ing\u00e9nieur d&#8217;\u00e9tudes<\/td>\n            <\/tr>\n            <tr>\n                <td>Repr\u00e9sentant doctorants<\/td>\n                <td>OZER Derin<\/td>\n                <td>Doctorant<\/td>\n            <\/tr>\n        <\/tbody>\n    <\/table>\n<\/figure>\n","protected":false},"excerpt":{"rendered":"<p>Secr\u00e9tariat BAUDOUIN Emmanuelle M\u00e9diateur scientifique RICHER Jean-Michel Conseil du LERIA FONCTION NOM PRENOM STATUT Directeur MONFROY Eric Professeur Directeur adjoint BARICHARD Vincent Ma\u00eetre de conf\u00e9rences Membre de rang A LARDEUX Fr\u00e9d\u00e9ric Professeur Membre de rang A LESAINT David Professeur Membre &hellip; <a href=\"https:\/\/leria.univ-angers.fr\/?page_id=54\">Continuer la lecture <span class=\"meta-nav\">&rarr;<\/span><\/a><\/p>\n","protected":false},"author":5,"featured_media":0,"parent":0,"menu_order":5,"comment_status":"closed","ping_status":"closed","template":"","meta":{"footnotes":""},"class_list":["post-54","page","type-page","status-publish","hentry"],"_links":{"self":[{"href":"https:\/\/leria.univ-angers.fr\/index.php?rest_route=\/wp\/v2\/pages\/54","targetHints":{"allow":["GET"]}}],"collection":[{"href":"https:\/\/leria.univ-angers.fr\/index.php?rest_route=\/wp\/v2\/pages"}],"about":[{"href":"https:\/\/leria.univ-angers.fr\/index.php?rest_route=\/wp\/v2\/types\/page"}],"author":[{"embeddable":true,"href":"https:\/\/leria.univ-angers.fr\/index.php?rest_route=\/wp\/v2\/users\/5"}],"replies":[{"embeddable":true,"href":"https:\/\/leria.univ-angers.fr\/index.php?rest_route=%2Fwp%2Fv2%2Fcomments&post=54"}],"version-history":[{"count":20,"href":"https:\/\/leria.univ-angers.fr\/index.php?rest_route=\/wp\/v2\/pages\/54\/revisions"}],"predecessor-version":[{"id":430,"href":"https:\/\/leria.univ-angers.fr\/index.php?rest_route=\/wp\/v2\/pages\/54\/revisions\/430"}],"wp:attachment":[{"href":"https:\/\/leria.univ-angers.fr\/index.php?rest_route=%2Fwp%2Fv2%2Fmedia&parent=54"}],"curies":[{"name":"wp","href":"https:\/\/api.w.org\/{rel}","templated":true}]}}