{"id":56,"date":"2021-11-12T17:29:46","date_gmt":"2021-11-12T16:29:46","guid":{"rendered":"https:\/\/leria.univ-angers.fr\/?page_id=56"},"modified":"2026-03-04T14:04:46","modified_gmt":"2026-03-04T13:04:46","slug":"annuaire","status":"publish","type":"page","link":"https:\/\/leria.univ-angers.fr\/?page_id=56","title":{"rendered":"Annuaire"},"content":{"rendered":"\n<h1 class=\"wp-block-heading\" id=\"enseignants-chercheurs\">Enseignants-chercheurs permanents<\/h1>\n\n\n\n<figure class=\"wp-block-table is-style-stripes\" style=\"font-size:60%\">\n    <table>\n        <thead>\n            <tr>\n                <th><strong>NOM PRENOM<\/strong><\/th>\n                <th><strong>STATUT<\/strong><\/th>\n                <th><strong>BUREAU<\/strong><\/th>\n                <th><strong>TELEPHONE<\/strong><\/th>\n                <th><strong>EMAIL<\/strong><\/th>\n            <\/tr>\n        <\/thead>\n        <tr>\n            <td style='width:20%'><a href='https:\/\/leria-info.univ-angers.fr\/~touria.ait-el-mekki'>AIT EL MEKKI Touria<\/a><\/td>\n            <td style='width:20%'>Ma\u00eetre de conf\u00e9rences<\/td>\n            <td style='width:10%'>H210<\/td>\n            <td style='width:20%'>02 41 73 50 86<\/td>\n            <td style='width:30%'>touria.aitelmekki[at]univ-angers.fr<\/td>\n        <\/tr>\n        <tr>\n            <td style='width:20%'><a href='https:\/\/leria-info.univ-angers.fr\/~tassadit.amghar'>AMGHAR Tassadit<\/a><\/td>\n            <td style='width:20%'>Ma\u00eetre de conf\u00e9rences \/ HDR<\/td>\n            <td style='width:10%'>H215<\/td>\n            <td style='width:20%'>02 41 73 50 75<\/td>\n            <td style='width:30%'>tassadit.amghar[at]univ-angers.fr<\/td>\n        <\/tr>\n        <tr>\n            <td style='width:20%'><a href='http:\/\/www.univ-angers.fr\/fr\/_plugins\/mypage\/mypage\/content\/vincent.barichard.html'>BARICHARD Vincent<\/a><\/td>\n            <td style='width:20%'>Ma\u00eetre de conf\u00e9rences<\/td>\n            <td style='width:10%'>H203<\/td>\n            <td style='width:20%'>02 41 73 52 06<\/td>\n            <td style='width:30%'>vincent.barichard[at]univ-angers.fr<\/td>\n        <\/tr>\n        <tr>\n            <td style='width:20%'><a href=\"https:\/\/www.linkedin.com\/in\/bdamota\/\">DA MOTA Benoit<\/a><\/td>\n            <td style='width:20%'>Ma\u00eetre de conf\u00e9rences<\/td>\n            <td style='width:10%'>H204<\/td>\n            <td style='width:20%'>02 41 73 53 79<\/td>\n            <td style='width:30%'>benoit.damota[at]univ-angers.fr<\/td>\n        <\/tr>\n        <tr>\n            <td style='width:20%'>DAVOT-GRANGE Tom<\/td>\n            <td style='width:20%'>Ma\u00eetre de conf\u00e9rences<\/td>\n            <td style='width:10%'>H104<\/td>\n            <td style='width:20%'>02 41 73 54 64<\/td>\n            <td style='width:30%'>tom.davot-grange[at]univ-angers.fr<\/td>\n        <\/tr>\n        <tr>\n            <td style='width:20%'>DIEGUEZ LODEIRO Martin<\/td>\n            <td style='width:20%'>Ma\u00eetre de conf\u00e9rences<\/td>\n            <td style='width:10%'>G202<\/td>\n            <td style='width:20%'>02 41 73 54 65<\/td>\n            <td style='width:30%'>martin.dieguezlodeiro[at]univ-angers.fr<\/td>\n        <\/tr>\n        <tr>\n            <td style='width:20%'>DEVRED Caroline<\/td>\n            <td style='width:20%'>Ma\u00eetre de conf\u00e9rences<\/td>\n            <td style='width:10%'>H103<\/td>\n            <td style='width:20%'>02 41 73 54 64<\/td>\n            <td style='width:30%'>caroline.devred[at]univ-angers.fr<\/td>\n        <\/tr>\n        <tr>\n            <td style='width:20%'><a href=\"https:\/\/nicolasdupin2000.wixsite.com\/research\">DUPIN Nicolas<\/a><\/td>\n            <td style='width:20%'>Ma\u00eetre de conf\u00e9rences<\/td>\n            <td style='width:10%'>H104<\/td>\n            <td style='width:20%'>02 41 73 54 02<\/td>\n            <td style='width:30%'>nicolas.dupin[at]univ-angers.fr<\/td>\n        <\/tr>\n        <tr>\n            <td style='width:20%'><a href='https:\/\/leria-info.univ-angers.fr\/~beatrice.duval'>DUVAL B\u00e9atrice<\/a><\/td>\n            <td style='width:20%'>Professeur \u00e9m\u00e9rite<\/td>\n            <td style='width:10%'>H110<\/td>\n            <td style='width:20%'>02 41 73 54 67<\/td>\n            <td style='width:30%'>beatrice.duval[at]univ-angers.fr<\/td>\n        <\/tr>\n        <tr>\n            <td style='width:20%'><a href='https:\/\/leria-info.univ-angers.fr\/~l.garcia\/'>GARCIA Laurent<\/a><\/td>\n            <td style='width:20%'>Ma\u00eetre de conf\u00e9rences<\/td>\n            <td style='width:10%'>H209<\/td>\n            <td style='width:20%'>02 41 73 52 25<\/td>\n            <td style='width:30%'>laurent.garcia[at]univ-angers.fr<\/td>\n        <\/tr>\n        <tr>\n            <td style='width:20%'><a href='https:\/\/leria-info.univ-angers.fr\/~d.genest\/'>GENEST David<\/a><\/td>\n            <td style='width:20%'>Ma\u00eetre de conf\u00e9rences<\/td>\n            <td style='width:10%'>H203<\/td>\n            <td style='width:20%'>02 41 73 52 21<\/td>\n            <td style='width:30%'>david.genest[at]univ-angers.fr<\/td>\n        <\/tr>\n        <tr>\n            <td style='width:20%'><a href='https:\/\/leria-info.univ-angers.fr\/~adrien.goeffon'>GO\u00cbFFON Adrien<\/a><\/td>\n            <td style='width:20%'>Professeur<\/td>\n            <td style='width:10%'>H207<\/td>\n            <td style='width:20%'>02 41 73 50 78<\/td>\n            <td style='width:30%'>adrien.goeffon[at]univ-angers.fr<\/td>\n        <\/tr>\n        <tr>\n            <td style='width:20%'><a href=\"https:\/\/leria-info.univ-angers.fr\/~o.goudet\/\">GOUDET Olivier<\/a><\/td>\n            <td style='width:20%'>Ma\u00eetre de conf\u00e9rences<\/td>\n            <td style='width:10%'>H216<\/td>\n            <td style='width:20%'>02 41 73 52 20<\/td>\n            <td style='width:30%'>olivier.goudet[at]univ-angers.fr<\/td>\n        <\/tr>\n        <tr>\n            <td style='width:20%'><a href=\"https:\/\/ngutowski.fr\">GUTOWSKI Nicolas<\/a><\/td>\n            <td style='width:20%'>Ma\u00eetre de conf\u00e9rences<\/td>\n            <td style='width:10%'>H204<\/td>\n            <td style='width:20%'>02 41 73 53 79<\/td>\n            <td style='width:30%'>nicolas.gutowski[at]univ-angers.fr<\/td>\n        <\/tr>\n        <tr>\n            <td style='width:20%'>HAMIEZ Jean-Philippe<\/td>\n            <td style='width:20%'>Ma\u00eetre de conf\u00e9rences<\/td>\n            <td style='width:10%'>H107<\/td>\n            <td style='width:20%'>02 41 73 53 85<\/td>\n            <td style='width:30%'>jean-philippe.hamiez[at]univ-angers.fr<\/td>\n        <\/tr>\n        <tr>\n            <td style='width:20%'><a href='https:\/\/leria-info.univ-angers.fr\/~jinkao.hao'>HAO Jin-Kao<\/a><\/td>\n            <td style='width:20%'>Professeur<\/td>\n            <td style='width:10%'>H214<\/td>\n            <td style='width:20%'>02 41 73 50 76<\/td>\n            <td style='width:30%'>jin-kao.hao[at]univ-angers.fr<\/td>\n        <\/tr>\n        <tr>\n            <td style='width:20%'><a href='https:\/\/www.linkedin.com\/in\/hu-olivier-81b31924\/?originalSubdomain=fr'>H\u00db Olivier<\/a><\/td>\n            <td style='width:20%'>Ma\u00eetre de conf\u00e9rences<\/td>\n            <td style='width:10%'>ESTHUA<\/td>\n            <td style='width:20%'>02 44 68 81 21<\/td>\n            <td style='width:30%'>olivier.hu[at]univ-angers.fr<\/td>\n        <\/tr>\n        <tr>\n            <td style='width:20%'><a href='https:\/\/scholar.google.fr\/citations?user=NuGN8SUAAAAJ'>LAMPRIER Sylvain<\/a><\/td>\n            <td style='width:20%'>Professeur<\/td>\n            <td style='width:10%'>H202<\/td>\n            <td style='width:20%'>02 41 73 54 69<\/td>\n            <td style='width:30%'>sylvain.lamprier[at]univ-angers.fr<\/td>\n        <\/tr>\n        <tr>\n            <td style='width:20%'><a href='https:\/\/leria-info.univ-angers.fr\/~frederic.lardeux'>LARDEUX Fr\u00e9d\u00e9ric<\/a><\/td>\n            <td style='width:20%'>Professeur<\/td>\n            <td style='width:10%'>H208<\/td>\n            <td style='width:20%'>02 41 73 52 73<\/td>\n            <td style='width:30%'>frederic.lardeux[at]univ-angers.fr<\/td>\n        <\/tr>\n        <tr>\n            <td style='width:20%'>LEFEVRE Claire<\/td>\n            <td style='width:20%'>Ma\u00eetre de conf\u00e9rences<\/td>\n            <td style='width:10%'>H112<\/td>\n            <td style='width:20%'>02 41 73 54 40<\/td>\n            <td style='width:30%'>claire.lefevre[at]univ-angers.fr<\/td>\n        <\/tr>\n        <tr>\n            <td style='width:20%'><a href=\"https:\/\/leria-info.univ-angers.fr\/~marc.legeay\">LEGEAY Marc<\/a><\/td>\n            <td style='width:20%'>Ma\u00eetre de conf\u00e9rences<\/td>\n            <td style='width:10%'>G202<\/td>\n            <td style='width:20%'>02 41 73 54 65<\/td>\n            <td style='width:30%'>marc.legeay[at]univ-angers.fr<\/td>\n        <\/tr>\n        <tr>\n            <td style='width:20%'><a href=\"https:\/\/scholar.google.fr\/citations?user=QytAPb8AAAAJ\">LESAINT David<\/a><\/td>\n            <td style='width:20%'>Professeur<\/td>\n            <td style='width:10%'>H104<\/td>\n            <td style='width:20%'>02 41 73 54 20<\/td>\n            <td style='width:30%'>david.lesaint[at]univ-angers.fr<\/td>\n        <\/tr>\n        <tr>\n            <td style='width:20%'>LOISEAU St\u00e9phane<\/td>\n            <td style='width:20%'>Professeur<\/td>\n            <td style='width:10%'>H212<\/td>\n            <td style='width:20%'>02 41 73 50 77<\/td>\n            <td style='width:30%'>stephane.loiseau[at]univ-angers.fr<\/td>\n        <\/tr>\n        <tr>\n            <td style='width:20%'><a href=\"https:\/\/scholar.google.fr\/citations?user=1ULUsmIAAAAJ\">MONFROY Eric<\/a><\/td>\n            <td style='width:20%'>Professeur<\/td>\n            <td style='width:10%'>H211<\/td>\n            <td style='width:20%'>02 41 73 52 74<\/td>\n            <td style='width:30%'>eric.monfroy[at]univ-angers.fr<\/td>\n        <\/tr>\n        <tr>\n            <td style='width:20%'><a href='https:\/\/leria-info.univ-angers.fr\/~jeanmichel.richer'>RICHER Jean-Michel<\/a><\/td>\n            <td style='width:20%'>Ma\u00eetre de conf\u00e9rences<\/td>\n            <td style='width:10%'>H206<\/td>\n            <td style='width:20%'>02 41 73 52 34<\/td>\n            <td style='width:30%'>jean-michel.richer[at]univ-angers.fr<\/td>\n        <\/tr>\n        <tr>\n            <td style='width:20%'><a href='https:\/\/leria-info.univ-angers.fr\/~frederic.saubion'>SAUBION Fr\u00e9d\u00e9ric<\/a><\/td>\n            <td style='width:20%'>Professeur<\/td>\n            <td style='width:10%'>H213<\/td>\n            <td style='width:20%'>02 41 73 52 23<\/td>\n            <td style='width:30%'>frederic.saubion[at]univ-angers.fr<\/td>\n        <\/tr>\n        <tr>\n            <td style='width:20%'><a href='https:\/\/leria-info.univ-angers.fr\/~igor.stephan'>STEPHAN Igor<\/a><\/td>\n            <td style='width:20%'>Ma\u00eetre de conf\u00e9rences \/ HDR<\/td>\n            <td style='width:10%'>H106<\/td>\n            <td style='width:20%'>02 41 73 54 66<\/td>\n            <td style='width:30%'>igor.stephan[at]univ-angers.fr<\/td>\n        <\/tr>\n    <\/table>\n<\/figure>\n\n\n\n<h1 class=\"wp-block-heading\" id=\"biatss\">BIATSS<\/h1>\n\n\n\n<figure class=\"wp-block-table is-style-stripes\" style=\"font-size:60%\">\n    <table>\n        <thead>\n            <tr>\n                <th><strong>NOM PRENOM<\/strong><\/th>\n                <th><strong>STATUT<\/strong><\/th>\n                <th><strong>BUREAU<\/strong><\/th>\n                <th><strong>TELEPHONE<\/strong><\/th>\n                <th><strong>EMAIL<\/strong><\/th>\n            <\/tr>\n        <\/thead>\n        <tbody>\n            <tr>\n                <td>BAUDOUIN Emmanuelle<\/td>\n                <td>Secr\u00e9taire<\/td>\n                <td>H201<\/td>\n                <td>0241735072<\/td>\n                <td>em.baudouin[at]univ-angers.fr<\/td>\n            <\/tr>\n            <tr>\n                <td>LANGLAIS Victoire<\/td>\n                <td>Ing\u00e9nieure<\/td>\n                <td>H101<\/td>\n                <td>0241735209<\/td>\n                <td>victoire.langlais[at]univ-angers.fr<\/td>\n            <\/tr>\n            <tr>\n                <td>CHALAIN J\u00e9r\u00f4me<\/td>\n                <td>Ing\u00e9nieur d\u2019\u00e9tudes<\/td>\n                <td>H101<\/td>\n                <td>0244688957<\/td>\n                <td>jerome.chalain[at]univ-angers.fr<\/td>\n            <\/tr>\n            <tr>\n                <td>CHANTREIN Jean-Mathieu<\/td>\n                <td>Ing\u00e9nieur d\u2019\u00e9tudes<\/td>\n                <td>H109<\/td>\n                <td>0241735469<\/td>\n                <td>jean-mathieu.chantrein[at]univ-angers.fr<\/td>\n            <\/tr>\n            <tr>\n                <td><a href=\"https:\/\/github.com\/owrel\/\">SIMON Aur\u00e9lien<\/a><\/td>\n                <td>Ing\u00e9nieur d\u2019\u00e9tudes<\/td>\n                <td>H110<\/td>\n                <td>0241735464<\/td>\n                <td>aurelien.simon[at]univ-angers.fr<\/td>\n            <\/tr>\n        <\/tbody>\n    <\/table>\n<\/figure>\n\n\n\n<h1 class=\"wp-block-heading\" id=\"ater-et-ecer\">ATER et ECER<\/h1>\n\n\n\n<figure class=\"wp-block-table is-style-stripes\" style=\"font-size:60%\">\n    <table>\n        <thead>\n            <tr>\n                <th><strong>NOM PRENOM<\/strong><\/th>\n                <th><strong>STATUT<\/strong><\/th>\n                <th><strong>BUREAU<\/strong><\/th>\n                <th><strong>TELEPHONE<\/strong><\/th>\n                <th><strong>EMAIL<\/strong><\/th>\n            <\/tr>\n        <\/thead>\n        <tr>\n            <td style='width:20%'><a href=\"https:\/\/scholar.google.fr\/citations?user=aP_Y5D4AAAAJ\">MAHMOUDI Sid Ali<\/a><\/td>\n            <td style='width:20%'>ATER<\/td>\n            <td style='width:10%'>H111<\/td>\n            <td style='width:20%'>02 41 73 54 90<\/td>\n            <td style='width:30%'>sidali.mahmoudi[at]univ-angers.fr<\/td>\n        <\/tr>\n        <tr>\n            <td style='width:20%'><a href=\"https:\/\/scholar.google.fr\/citations?user=5Tm9nqAAAAAJ\">GARREAU Bryan<\/a><\/td>\n            <td style='width:20%'>ATER<\/td>\n            <td style='width:10%'>H103<\/td>\n            <td style='width:20%'><\/td>\n            <td style='width:30%'>bryan.garreau[at]univ-angers.fr<\/td>\n        <\/tr>\n        <tr>\n            <td style='width:20%'><a href=\"https:\/\/leria-info.univ-angers.fr\/~c.vasconcello\/\">VASCONCELLOS GAETE Claudia<\/a><\/td>\n            <td style='width:20%'>Enseignant-chercheur contractuel<\/td>\n            <td style='width:10%'>H103<\/td>\n            <td style='width:20%'><\/td>\n            <td style='width:30%'>claudia.vasconcellos[at]univ-angers.fr<\/td>\n        <\/tr>\n    <\/table>\n<\/figure>\n\n\n\n<h1 class=\"wp-block-heading\" id=\"doctorants-et-postdoctorants\">Doctorants et Postdoctorants<\/h1>\n\n\n\n<figure class=\"wp-block-table is-style-stripes\" style=\"font-size:60%\">\n    <table>\n        <thead>\n            <tr>\n                <th><strong>NOM PRENOM<\/strong><\/th>\n                <th><strong>STATUT<\/strong><\/th>\n                <th><strong>BUREAU<\/strong><\/th>\n                <th><strong>TELEPHONE<\/strong><\/th>\n                <th><strong>EMAIL<\/strong><\/th>\n            <\/tr>\n        <\/thead>\n        <tr>\n            <td style='width:20%'>ALLARD Victor<\/td>\n            <td style='width:20%'>Doctorant<\/td>\n            <td style='width:10%'>H108<\/td>\n            <td style='width:20%'>02 41 73 52 24<\/td>\n            <td style='width:30%'>viallard[at]etud.univ-angers.fr<\/td>\n        <\/tr>\n        <tr>\n            <td style='width:20%'><a href=\"https:\/\/www.linkedin.com\/in\/amri-sakhri-mohamed-salim\/\">AMRI SAKHRI Mohammed Salim<\/a><\/td>\n            <td style='width:20%'>Postdoctorant<\/td>\n            <td style='width:10%'>H216<\/td>\n            <td style='width:20%'>02 41 73 52 20<\/td>\n            <td style='width:30%'>mohamedsalim.amrisakhri[at]univ-angers.fr<\/td>\n        <\/tr>\n        <tr>\n            <td style='width:20%'>ASSAF Rita-Natalia<\/td>\n            <td style='width:20%'>Doctorant<\/td>\n            <td style='width:10%'>H108<\/td>\n            <td style='width:20%'>02 41 73 52 24<\/td>\n            <td style='width:30%'>ritanathalia.assaf[at]univ-angers.fr<\/td>\n        <\/tr>\n        <tr>\n            <td style='width:20%'>BEHUET Corentin<\/td>\n            <td style='width:20%'>Doctorant<\/td>\n            <td style='width:10%'><\/td>\n            <td style='width:20%'><\/td>\n            <td style='width:30%'>corentin.behuet[at]univ-angers.fr<\/td>\n        <\/tr>\n        <tr>\n            <td style='width:20%'>BELLANGER Thibaut<\/td>\n            <td style='width:20%'>Doctorant<\/td>\n            <td style='width:10%'>G109<\/td>\n            <td style='width:20%'><\/td>\n            <td style='width:30%'>thibaut.bellanger[at]etud.univ-angers.fr<\/td>\n        <\/tr>\n        <tr>\n            <td style='width:20%'>BOTCAZOU Ivanho\u00e9<\/td>\n            <td style='width:20%'>Doctorant<\/td>\n            <td style='width:10%'>H108<\/td>\n            <td style='width:20%'>02 41 73 52 24<\/td>\n            <td style='width:30%'>ivanhoe.botcazou[at]etud.univ-angers.fr<\/td>\n        <\/tr>\n        <tr>\n            <td style='width:20%'>FLEURANT Martin<\/td>\n            <td style='width:20%'>Doctorant<\/td>\n            <td style='width:10%'>H108<\/td>\n            <td style='width:20%'>02 41 73 52 24<\/td>\n            <td style='width:30%'>martin.fleurant[at]etud.univ-angers.fr<\/td>\n        <\/tr>\n        <tr>\n            <td style='width:20%'>GUERIN Axel<\/td>\n            <td style='width:20%'>Doctorant<\/td>\n            <td style='width:10%'>G109<\/td>\n            <td style='width:20%'><\/td>\n            <td style='width:30%'>axguerin[at]univ-angers.fr<\/td>\n        <\/tr>\n        <tr>\n            <td style='width:20%'>LEI Zhenyu<\/td>\n            <td style='width:20%'>Doctorant<\/td>\n            <td style='width:10%'>H111<\/td>\n            <td style='width:20%'>02 41 73 54 90<\/td>\n            <td style='width:30%'>zhenyu.lei[at]etud.univ-angers.fr<\/td>\n        <\/tr>\n        <tr>\n            <td style='width:20%'><a href=\"https:\/\/orcid.org\/0009-0008-7423-3938\">LIU Haichao<\/a><\/td>\n            <td style='width:20%'>Doctorant<\/td>\n            <td style='width:10%'>H105<\/td>\n            <td style='width:20%'><\/td>\n            <td style='width:30%'>haichao.liu[at]etud.univ-angers.fr<\/td>\n        <\/tr>\n        <tr>\n            <td style='width:20%'>MACE Maxime<\/td>\n            <td style='width:20%'>Doctorant<\/td>\n            <td style='width:10%'>G109<\/td>\n            <td style='width:20%'><\/td>\n            <td style='width:30%'>maxime.mace[at]etud.univ-angers.fr<\/td>\n        <\/tr>\n        <tr>\n            <td style='width:20%'>OZER Derin<\/td>\n            <td style='width:20%'>Doctorant<\/td>\n            <td style='width:10%'>H204<\/td>\n            <td style='width:20%'>02 41 73 53 79<\/td>\n            <td style='width:30%'>derin.ozer[at]univ-angers.fr<\/td>\n        <\/tr>\n        <tr>\n            <td style='width:20%'>PETITBOIS Mathieu<\/td>\n            <td style='width:20%'>Doctorant<\/td>\n            <td style='width:10%'>G109<\/td>\n            <td style='width:20%'><\/td>\n            <td style='width:30%'>mathieu.petitbois[at]etud.univ-angers.fr<\/td>\n        <\/tr>\n        <tr>\n            <td style='width:20%'><a href=\"https:\/\/scholar.google.fr\/citations?user=nR_VTa0AAAAJ\">PINSOLLE Jean<\/a><\/td>\n            <td style='width:20%'>Doctorant<\/td>\n            <td style='width:10%'>G109<\/td>\n            <td style='width:20%'><\/td>\n            <td style='width:30%'>jean.pinsolle[at]etud.univ-angers.fr<\/td>\n        <\/tr>\n        <tr>\n            <td style='width:20%'><a href=\"https:\/\/scholar.google.fr\/citations?user=RCH7u6EAAAAJ\">SAOUT Thomas<\/a><\/td>\n            <td style='width:20%'>Doctorant<\/td>\n            <td style='width:10%'>G109<\/td>\n            <td style='width:20%'><\/td>\n            <td style='width:30%'>thomas.saout[at]etud.univ-angers.fr<\/td>\n        <\/tr>\n        <tr>\n            <td style='width:20%'>SEKAR Suruthy<\/td>\n            <td style='width:20%'>Doctorant<\/td>\n            <td style='width:10%'>G109<\/td>\n            <td style='width:20%'><\/td>\n            <td style='width:30%'>suruthy.sekar[at]etud.univ-angers.fr<\/td>\n        <\/tr>\n        <tr>\n            <td style='width:20%'>SUIRE Quentin<\/td>\n            <td style='width:20%'>Doctorant<\/td>\n            <td style='width:10%'>H108<\/td>\n            <td style='width:20%'>02 41 73 52 24<\/td>\n            <td style='width:30%'>quentin.suire[at]univ-angers.fr<\/td>\n        <\/tr>\n        <tr>\n            <td style='width:20%'>YANG Wei<\/td>\n            <td style='width:20%'>Doctorant<\/td>\n            <td style='width:10%'>G109<\/td>\n            <td style='width:20%'><\/td>\n            <td style='width:30%'><\/td>\n        <\/tr>\n        <tr>\n            <td style='width:20%'>ZOU Youji<\/td>\n            <td style='width:20%'>Doctorant<\/td>\n            <td style='width:10%'>H111<\/td>\n            <td style='width:20%'>02 41 73 54 90<\/td>\n            <td style='width:30%'>yuji.zou[at]etud.univ-angers.fr<\/td>\n        <\/tr>\n    <\/table>\n<\/figure>\n\n\n\n<h1 class=\"wp-block-heading\" id=\"membres-associes\">Membres associ\u00e9s<\/h1>\n\n\n\n<figure class=\"wp-block-table is-style-stripes\" style=\"font-size:60%\">\n    <table>\n        <thead>\n            <tr>\n                <th><strong>NOM PRENOM<\/strong><\/th>\n                <th><strong>STATUT<\/strong><\/th>\n                <th><strong>BUREAU<\/strong><\/th>\n                <th><strong>TELEPHONE<\/strong><\/th>\n                <th><strong>EMAIL<\/strong><\/th>\n            <\/tr>\n        <\/thead>\n        <tbody>\n            <tr>\n                <td style='width:20%'><a href=\"https:\/\/scholar.google.fr\/citations?user=Ck3TnmYAAAAJ\">BRUN Matthias<\/a><\/td>\n                <td style='width:20%'>Enseignant-chercheur<\/td>\n                <td style='width:10%'><\/td>\n                <td style='width:20%'><\/td>\n                <td style='width:30%'>matthias.brun[at]eseo.fr<\/td>\n            <\/tr>\n            <tr>\n                <td style='width:20%'><a href=\"https:\/\/scholar.google.fr\/citations?user=xJz2ciAAAAAJ\">CAMP Olivier<\/a><\/td>\n                <td style='width:20%'>Enseignant-chercheur<\/td>\n                <td style='width:10%'><\/td>\n                <td style='width:20%'><\/td>\n                <td style='width:30%'>olivier.camp[at]eseo.fr<\/td>\n            <\/tr>\n            <tr>\n                <td style='width:20%'><a href=\"https:\/\/scholar.google.fr\/citations?user=sk1j5vMAAAAJ\">CHHEL Fabien<\/a><\/td>\n                <td style='width:20%'>Enseignant-chercheur<\/td>\n                <td style='width:10%'><\/td>\n                <td style='width:20%'><\/td>\n                <td style='width:30%'>fabien.chhel[at]eseo.fr<\/td>\n            <\/tr>\n            <tr>\n                <td style='width:20%'><a href=\"https:\/\/scholar.google.fr\/citations?user=5FCS5DUAAAAJ\">CLAVREUL Mickael<\/a><\/td>\n                <td style='width:20%'>Enseignant-chercheur<\/td>\n                <td style='width:10%'><\/td>\n                <td style='width:20%'><\/td>\n                <td style='width:30%'>mickael.clavreul[at]eseo.fr<\/td>\n            <\/tr>\n            <tr>\n                <td style='width:20%'><a href=\"https:\/\/www.linkedin.com\/in\/alexandre-letard\/?originalSubdomain=fr\">LETARD Alexandre<\/a><\/td>\n                <td style='width:20%'>Enseignant-chercheur<\/td>\n                <td style='width:10%'><\/td>\n                <td style='width:20%'><\/td>\n                <td style='width:30%'>aletard[at]esaip.org<\/td>\n            <\/tr>\n            <tr>\n                <td style='width:20%'><a href=\"https:\/\/scholar.google.fr\/citations?user=8kzGKhcAAAAJ\">SCHANG Daniel<\/a><\/td>\n                <td style='width:20%'>Enseignant-chercheur<\/td>\n                <td style='width:10%'><\/td>\n                <td style='width:20%'><\/td>\n                <td style='width:30%'>daniel.schang[at]eseo.fr<\/td>\n            <\/tr>\n        <\/tbody>\n    <\/table>\n<\/figure>\n","protected":false},"excerpt":{"rendered":"<p>Enseignants-chercheurs permanents NOM PRENOM STATUT BUREAU TELEPHONE EMAIL AIT EL MEKKI Touria Ma\u00eetre de conf\u00e9rences H210 02 41 73 50 86 touria.aitelmekki[at]univ-angers.fr AMGHAR Tassadit Ma\u00eetre de conf\u00e9rences \/ HDR H215 02 41 73 50 75 tassadit.amghar[at]univ-angers.fr BARICHARD Vincent Ma\u00eetre de &hellip; <a href=\"https:\/\/leria.univ-angers.fr\/?page_id=56\">Continuer la lecture <span class=\"meta-nav\">&rarr;<\/span><\/a><\/p>\n","protected":false},"author":5,"featured_media":0,"parent":0,"menu_order":6,"comment_status":"closed","ping_status":"closed","template":"","meta":{"footnotes":""},"class_list":["post-56","page","type-page","status-publish","hentry"],"_links":{"self":[{"href":"https:\/\/leria.univ-angers.fr\/index.php?rest_route=\/wp\/v2\/pages\/56","targetHints":{"allow":["GET"]}}],"collection":[{"href":"https:\/\/leria.univ-angers.fr\/index.php?rest_route=\/wp\/v2\/pages"}],"about":[{"href":"https:\/\/leria.univ-angers.fr\/index.php?rest_route=\/wp\/v2\/types\/page"}],"author":[{"embeddable":true,"href":"https:\/\/leria.univ-angers.fr\/index.php?rest_route=\/wp\/v2\/users\/5"}],"replies":[{"embeddable":true,"href":"https:\/\/leria.univ-angers.fr\/index.php?rest_route=%2Fwp%2Fv2%2Fcomments&post=56"}],"version-history":[{"count":54,"href":"https:\/\/leria.univ-angers.fr\/index.php?rest_route=\/wp\/v2\/pages\/56\/revisions"}],"predecessor-version":[{"id":487,"href":"https:\/\/leria.univ-angers.fr\/index.php?rest_route=\/wp\/v2\/pages\/56\/revisions\/487"}],"wp:attachment":[{"href":"https:\/\/leria.univ-angers.fr\/index.php?rest_route=%2Fwp%2Fv2%2Fmedia&parent=56"}],"curies":[{"name":"wp","href":"https:\/\/api.w.org\/{rel}","templated":true}]}}